{"id":6208,"date":"2023-12-21T15:01:50","date_gmt":"2023-12-21T14:01:50","guid":{"rendered":"https:\/\/fonds-clinatec.fr\/accessibility\/"},"modified":"2024-03-05T22:59:30","modified_gmt":"2024-03-05T21:59:30","slug":"accessibility","status":"publish","type":"page","link":"https:\/\/fonds-clinatec.fr\/en\/accessibility\/","title":{"rendered":"Accessibility"},"content":{"rendered":"\t\t<div data-elementor-type=\"wp-page\" data-elementor-id=\"6208\" class=\"elementor elementor-6208 elementor-5620\" data-elementor-post-type=\"page\">\n\t\t\t\t<div class=\"elementor-element elementor-element-94ef5ed e-flex e-con-boxed elementor-invisible e-con e-parent\" data-id=\"94ef5ed\" data-element_type=\"container\" data-settings=\"{&quot;background_background&quot;:&quot;classic&quot;,&quot;animation&quot;:&quot;fadeIn&quot;,&quot;container_type&quot;:&quot;flex&quot;,&quot;content_width&quot;:&quot;boxed&quot;}\" data-e-bg-lazyload=\"\" data-core-v316-plus=\"true\">\n\t\t\t\t\t<div class=\"e-con-inner\">\n\t\t\t\t<div class=\"elementor-element elementor-element-6054b31 elementor-widget elementor-widget-breadcrumbs\" data-id=\"6054b31\" data-element_type=\"widget\" data-widget_type=\"breadcrumbs.default\">\n\t\t\t\t<div class=\"elementor-widget-container\">\n\t\t\t<link rel=\"stylesheet\" href=\"https:\/\/fonds-clinatec.fr\/wp-content\/plugins\/elementor-pro\/assets\/css\/widget-theme-elements.min.css\"><p id=\"breadcrumbs\"><span><span><a href=\"https:\/\/fonds-clinatec.fr\/en\/homepage\/\">Accueil<\/a><\/span><\/span><\/p>\t\t<\/div>\n\t\t\t\t<\/div>\n\t\t\t\t<div class=\"elementor-element elementor-element-2ab037b elementor-widget__width-initial elementor-widget-mobile__width-inherit elementor-widget elementor-widget-heading\" data-id=\"2ab037b\" data-element_type=\"widget\" data-widget_type=\"heading.default\">\n\t\t\t\t<div class=\"elementor-widget-container\">\n\t\t\t<style>\/*! elementor - v3.19.0 - 07-02-2024 *\/\n.elementor-heading-title{padding:0;margin:0;line-height:1}.elementor-widget-heading .elementor-heading-title[class*=elementor-size-]>a{color:inherit;font-size:inherit;line-height:inherit}.elementor-widget-heading .elementor-heading-title.elementor-size-small{font-size:15px}.elementor-widget-heading .elementor-heading-title.elementor-size-medium{font-size:19px}.elementor-widget-heading .elementor-heading-title.elementor-size-large{font-size:29px}.elementor-widget-heading .elementor-heading-title.elementor-size-xl{font-size:39px}.elementor-widget-heading .elementor-heading-title.elementor-size-xxl{font-size:59px}<\/style><h1 class=\"elementor-heading-title elementor-size-default\">Accessibility<\/h1>\t\t<\/div>\n\t\t\t\t<\/div>\n\t\t\t\t\t<\/div>\n\t\t\t\t<\/div>\n\t\t<div class=\"elementor-element elementor-element-bb7777c e-flex e-con-boxed elementor-invisible e-con e-parent\" data-id=\"bb7777c\" data-element_type=\"container\" data-settings=\"{&quot;background_background&quot;:&quot;classic&quot;,&quot;animation&quot;:&quot;fadeIn&quot;,&quot;animation_delay&quot;:500,&quot;container_type&quot;:&quot;flex&quot;,&quot;content_width&quot;:&quot;boxed&quot;}\" data-core-v316-plus=\"true\">\n\t\t\t\t\t<div class=\"e-con-inner\">\n\t\t\t\t<div class=\"elementor-element elementor-element-383f0ba textegris accessibilitementionslegales elementor-widget elementor-widget-text-editor\" data-id=\"383f0ba\" data-element_type=\"widget\" data-widget_type=\"text-editor.default\">\n\t\t\t\t<div class=\"elementor-widget-container\">\n\t\t\t<style>\/*! elementor - v3.19.0 - 07-02-2024 *\/\n.elementor-widget-text-editor.elementor-drop-cap-view-stacked .elementor-drop-cap{background-color:#69727d;color:#fff}.elementor-widget-text-editor.elementor-drop-cap-view-framed .elementor-drop-cap{color:#69727d;border:3px solid;background-color:transparent}.elementor-widget-text-editor:not(.elementor-drop-cap-view-default) .elementor-drop-cap{margin-top:8px}.elementor-widget-text-editor:not(.elementor-drop-cap-view-default) .elementor-drop-cap-letter{width:1em;height:1em}.elementor-widget-text-editor .elementor-drop-cap{float:left;text-align:center;line-height:1;font-size:50px}.elementor-widget-text-editor .elementor-drop-cap-letter{display:inline-block}<\/style>\t\t\t\t<h2>What is digital accessibility?<\/h2>\n<p>An accessible website is one that enables people with disabilities to access its content and functions without difficulty.<\/p>\n<p>For example, an accessible website allows you to:<\/p>\n<ul>\n<li>Navigate using a voice synthesiser and\/or a Braille display (used in particular by blind and partially-sighted people).<\/li>\n<li>Customise the site display to suit your needs (enlarge or shrink characters, change colours, etc.).<\/li>\n<li>Navigate without using the mouse (with the keyboard only, via a touch screen, by voice or any other adapted device).<\/li>\n<\/ul>\n<p>To achieve this, the website must comply with the standards in force when it is created and updated.<\/p>\n<h2>Accessibility declaration<\/h2>\n<p>Fonds Clinatec undertakes to make its website accessible in accordance with article 47 of law no. 2005-102 of 11 February 2005.<\/p>\n<p>To this end, Fonds Clinatec is implementing the following strategy and actions:<\/p>\n<ul>\n<li>Version 1 of the website has been redesigned, both in terms of content and form, to take better account of the different visitor audiences, whether professionals or the general public,<\/li>\n<li>Thanks to the support provided by Atalan, the new version of the website has been brought into line with web accessibility standards for all browsers (computer, tablet and mobile phone). A special effort has been made to ensure that all the information can be consulted easily and comfortably by all audiences, <\/li>\n<li>This effort will continue after the audit in December 2023. The website management teams are committed to taking the necessary steps to ensure that the content that will be added to this website complies with the recommendations. This applies not only to the pages of the site, but also to documents to be downloaded &#8211; the introduction of accessible pdf documents -, image media or videos &#8211; the transcription of which will be systematised as far as possible.  <\/li>\n<\/ul>\n<p>This accessibility statement applies to Fonds Clinatec website: <a href=\"https:\/\/fonds-clinatec.fr\/en\/\">https:\/\/fonds-clinatec.fr\/<\/a>.<\/p>\n<h2>Compliance status<\/h2>\n<p>The <a href=\"https:\/\/fonds-clinatec.fr\/en\/\">https:\/\/fonds-clinatec.fr\/<\/a> website is partially compliant with the French R\u00e9f\u00e9rentiel G\u00e9n\u00e9ral d&#8217;Am\u00e9lioration de l&#8217;Accessibilit\u00e9 (RGAA) version 4.1.2. Due to the non-compliances listed below.<\/p>\n<h2>Test results<\/h2>\n<p>The compliance audit carried out by Atalan on 19\/12\/2023 followed by a second audit on 05\/03\/2024 on the website in production revealed that 81% of the RGAA version 4.1.2 criteria had been met.<\/p>\n<h2>Content not accessible<\/h2>\n<h3>Non-conformities<\/h3>\n<p>List of non-compliant criteria:<\/p>\n<ul>\n<li>3.1 Some information is only available in colour. Button selection status, for example.<\/li>\n<li>6.1 Some links have insufficiently explicit titles.<\/li>\n<li>7.1 Some scripts or interactive components are not accessible.<\/li>\n<li>9.3 Content lists are not displayed correctly.<\/li>\n<li>10.7 The focus capture is sometimes hidden.<\/li>\n<li>10.12 When text spacing is increased, some content is no longer legible.<\/li>\n<li>12.7 The quick access link to the main content of each page is not functional on all pages.<\/li>\n<li>12.8 The tab order is not consistent on all pages.<\/li>\n<li>13.3 Office documents provided for download are not accessible.<\/li>\n<li>13.8 Animations on certain pages cannot be paused.<\/li>\n<\/ul>\n<h3>Exempted content<\/h3>\n<p>No content has been exempted.<\/p>\n<h3>Derogation(s) for disproportionate burden<\/h3>\n<p>No content was deviated from.<\/p>\n<h2>Drawing up this declaration of accessibility<\/h2>\n<p>This declaration was drawn up on 05\/03\/2024.<\/p>\n<h3>Technologies used to create the website<\/h3>\n<ul>\n<li>HTML5<\/li>\n<li>CSS3<\/li>\n<li>JavaScript<\/li>\n<li>WAI-ARIA 1.1<\/li>\n<\/ul>\n<h3>Test environment<\/h3>\n<p>The content rendition checks were carried out with the following browser and screen reader combinations:<\/p>\n<ul>\n<li>Firefox 121 and NVDA 2023.1<\/li>\n<li>Firefox 121 and JAWS 2021<\/li>\n<li>Chrome 121 and Android Talkback 12<\/li>\n<\/ul>\n<h3>Tools for assessing accessibility<\/h3>\n<ul>\n<li>Color Contrast Analyser<\/li>\n<li>HeadingsMap<\/li>\n<li>Firefox and Chrome development tool<\/li>\n<li>Web Developer (Firefox and Chrome extension)<\/li>\n<\/ul>\n<h3>Web site pages checked for compliance (French version)<\/h3>\n<ol>\n<li><strong>Accueil : <\/strong><a href=\"https:\/\/fonds-clinatec.fr\/en\/\">https:\/\/fonds-clinatec.fr<\/a><\/li>\n<li><strong>Mentions l\u00e9gales : <\/strong><a href=\"https:\/\/fonds-clinatec.fr\/mentions-legales\/\">https:\/\/fonds-clinatec.fr\/mentions-legales<\/a><\/li>\n<li><strong>Fond Clinatec : <\/strong><a href=\"https:\/\/fonds-clinatec.fr\/en\/who-we-are-clinatec-endowment\/\">https:\/\/fonds-clinatec.fr\/qui-sommes-nous-fonds-clinatec<\/a><\/li>\n<li><strong>Contact :<\/strong> <a href=\"https:\/\/fonds-clinatec.fr\/en\/contact\/\">https:\/\/fonds-clinatec.fr\/contact<\/a><\/li>\n<li><strong>Recherche :<\/strong> <a href=\"https:\/\/fonds-clinatec.fr\/?s=clinatec&amp;lang=fr\">https:\/\/fonds-clinatec.fr\/?s=clinatec&amp;lang=fr<\/a><\/li>\n<li><strong>Journal de bord :<\/strong> <a href=\"https:\/\/fonds-clinatec.fr\/en\/whats-new-at-clinatec\/\">https:\/\/fonds-clinatec.fr\/journal-de-bord<\/a><\/li>\n<li><strong>Actualit\u00e9 &#8220;Sophie Cluzel rejoint le Fonds Clinatec&#8221; :<\/strong> <a href=\"https:\/\/fonds-clinatec.fr\/faites-connaissance-avec-nos-talents-8\/\">https:\/\/fonds-clinatec.fr\/faites-connaissance-avec-nos-talents-8<\/a><\/li>\n<li><strong>Le Fonds de Dotation Clinatec recrute (PDF) :<\/strong> <a href=\"https:\/\/fonds-clinatec.fr\/le-fonds-de-dotation-clinatec-recrute-un-stagiaire-en-traitement-du-signal\/\">https:\/\/fonds-clinatec.fr\/le-fonds-de-dotation-clinatec-recrute-un-stagiaire-en-traitement-du-signal<\/a><\/li>\n<li><strong>Soigner autrement :<\/strong> <a href=\"https:\/\/fonds-clinatec.fr\/en\/alternative-treatments\/\">https:\/\/fonds-clinatec.fr\/enjeux-de-societe-soigner-autrement<\/a><\/li>\n<li><strong>Equipe :<\/strong> <a href=\"https:\/\/fonds-clinatec.fr\/en\/who-we-are-our-people\/\">https:\/\/fonds-clinatec.fr\/qui-sommes-nous-equipe<\/a><\/li>\n<li><strong>Essais cliniques :<\/strong> <a href=\"https:\/\/fonds-clinatec.fr\/en\/clinical-trials\/\">https:\/\/fonds-clinatec.fr\/essais-cliniques<\/a><\/li>\n<li><strong>Accessibility : <\/strong><a href=\"https:\/\/fonds-clinatec.fr\/en\/accessibility\/\">https:\/\/fonds-clinatec.fr\/accessibilite\/<\/a><\/li>\n<\/ol>\n<h2>Feedback and contact<\/h2>\n<p>If you are unable to access any content or service, you may contact the Fonds Clinatec website manager to be directed to an accessible alternative, or to obtain the content in another form.<\/p>\n<p><a href=\"https:\/\/fonds-clinatec.fr\/en\/contact\/\">Send a message<\/a><\/p>\n<p><a href=\"https:\/\/fonds-clinatec.fr\/en\/contact\/\">Contact Laurent H\u00e9rault, Director of Fonds Clinatec<\/a><\/p>\n<h2>Avenues of appeal<\/h2>\n<p>This procedure should be used in the following cases.<\/p>\n<p>You have notified the website manager of a lack of accessibility that is preventing you from accessing content or services on the portal and you have not received a satisfactory response.<\/p>\n<ul>\n<li><a href=\"https:\/\/formulaire.defenseurdesdroits.fr\" target=\"_blank\" rel=\"noopener\">Write a message to the Human Rights Defender<\/a>.<\/li>\n<li><a href=\"https:\/\/www.defenseurdesdroits.fr\/saisir\/delegues\" target=\"_blank\" rel=\"noopener\">Contact the Rights Defender delegate in your region<\/a>.<\/li>\n<li>Send a letter by post (free of charge, do not use a stamp):<br \/>D\u00e9fenseur des droits<br \/>Libre r\u00e9ponse 71120<br \/>75342 Paris CEDEX 07<\/li>\n<\/ul>\n\t\t\t\t\t\t<\/div>\n\t\t\t\t<\/div>\n\t\t\t\t\t<\/div>\n\t\t\t\t<\/div>\n\t\t<div class=\"elementor-element elementor-element-b6c5058 e-flex e-con-boxed e-con e-parent\" data-id=\"b6c5058\" data-element_type=\"container\" data-settings=\"{&quot;container_type&quot;:&quot;flex&quot;,&quot;content_width&quot;:&quot;boxed&quot;}\" data-core-v316-plus=\"true\">\n\t\t\t\t\t<div class=\"e-con-inner\">\n\t\t\t\t<div class=\"elementor-element elementor-element-0fef242 elementor-widget elementor-widget-spacer\" data-id=\"0fef242\" data-element_type=\"widget\" data-widget_type=\"spacer.default\">\n\t\t\t\t<div class=\"elementor-widget-container\">\n\t\t\t<style>\/*! elementor - v3.19.0 - 07-02-2024 *\/\n.elementor-column .elementor-spacer-inner{height:var(--spacer-size)}.e-con{--container-widget-width:100%}.e-con-inner>.elementor-widget-spacer,.e-con>.elementor-widget-spacer{width:var(--container-widget-width,var(--spacer-size));--align-self:var(--container-widget-align-self,initial);--flex-shrink:0}.e-con-inner>.elementor-widget-spacer>.elementor-widget-container,.e-con>.elementor-widget-spacer>.elementor-widget-container{height:100%;width:100%}.e-con-inner>.elementor-widget-spacer>.elementor-widget-container>.elementor-spacer,.e-con>.elementor-widget-spacer>.elementor-widget-container>.elementor-spacer{height:100%}.e-con-inner>.elementor-widget-spacer>.elementor-widget-container>.elementor-spacer>.elementor-spacer-inner,.e-con>.elementor-widget-spacer>.elementor-widget-container>.elementor-spacer>.elementor-spacer-inner{height:var(--container-widget-height,var(--spacer-size))}.e-con-inner>.elementor-widget-spacer.elementor-widget-empty,.e-con>.elementor-widget-spacer.elementor-widget-empty{position:relative;min-height:22px;min-width:22px}.e-con-inner>.elementor-widget-spacer.elementor-widget-empty .elementor-widget-empty-icon,.e-con>.elementor-widget-spacer.elementor-widget-empty .elementor-widget-empty-icon{position:absolute;top:0;bottom:0;left:0;right:0;margin:auto;padding:0;width:22px;height:22px}<\/style>\t\t<div class=\"elementor-spacer\">\n\t\t\t<div class=\"elementor-spacer-inner\"><\/div>\n\t\t<\/div>\n\t\t\t\t<\/div>\n\t\t\t\t<\/div>\n\t\t\t\t\t<\/div>\n\t\t\t\t<\/div>\n\t\t\t\t<\/div>\n\t\t","protected":false},"excerpt":{"rendered":"<p>Accessibility What is digital accessibility? An accessible website is one that enables people with disabilities to access its content and functions without difficulty. For example, an accessible website allows you to: Navigate using a voice synthesiser and\/or a Braille display (used in particular by blind and partially-sighted people). Customise the site display to suit your [&hellip;]<\/p>\n","protected":false},"author":1,"featured_media":0,"parent":0,"menu_order":44,"comment_status":"closed","ping_status":"closed","template":"elementor_theme","meta":{"footnotes":""},"class_list":["post-6208","page","type-page","status-publish","hentry"],"yoast_head":"<!-- This site is optimized with the Yoast SEO plugin v23.3 - https:\/\/yoast.com\/wordpress\/plugins\/seo\/ -->\n<title>Accessibility - Fonds Clinatec<\/title>\n<meta name=\"robots\" content=\"index, follow, max-snippet:-1, max-image-preview:large, max-video-preview:-1\" \/>\n<link rel=\"canonical\" href=\"https:\/\/fonds-clinatec.fr\/en\/accessibility\/\" \/>\n<meta property=\"og:locale\" content=\"en_US\" \/>\n<meta property=\"og:type\" content=\"article\" \/>\n<meta property=\"og:title\" content=\"Accessibility - Fonds Clinatec\" \/>\n<meta property=\"og:description\" content=\"Accessibility What is digital accessibility? An accessible website is one that enables people with disabilities to access its content and functions without difficulty. For example, an accessible website allows you to: Navigate using a voice synthesiser and\/or a Braille display (used in particular by blind and partially-sighted people). Customise the site display to suit your [&hellip;]\" \/>\n<meta property=\"og:url\" content=\"https:\/\/fonds-clinatec.fr\/en\/accessibility\/\" \/>\n<meta property=\"og:site_name\" content=\"Fonds Clinatec\" \/>\n<meta property=\"article:modified_time\" content=\"2024-03-05T21:59:30+00:00\" \/>\n<meta name=\"twitter:card\" content=\"summary_large_image\" \/>\n<meta name=\"twitter:label1\" content=\"Est. reading time\" \/>\n\t<meta name=\"twitter:data1\" content=\"4 minutes\" \/>\n<script type=\"application\/ld+json\" class=\"yoast-schema-graph\">{\"@context\":\"https:\/\/schema.org\",\"@graph\":[{\"@type\":\"WebPage\",\"@id\":\"https:\/\/fonds-clinatec.fr\/en\/accessibility\/\",\"url\":\"https:\/\/fonds-clinatec.fr\/en\/accessibility\/\",\"name\":\"Accessibility - Fonds Clinatec\",\"isPartOf\":{\"@id\":\"https:\/\/fonds-clinatec.fr\/en\/#website\"},\"datePublished\":\"2023-12-21T14:01:50+00:00\",\"dateModified\":\"2024-03-05T21:59:30+00:00\",\"breadcrumb\":{\"@id\":\"https:\/\/fonds-clinatec.fr\/en\/accessibility\/#breadcrumb\"},\"inLanguage\":\"en-US\",\"potentialAction\":[{\"@type\":\"ReadAction\",\"target\":[\"https:\/\/fonds-clinatec.fr\/en\/accessibility\/\"]}]},{\"@type\":\"BreadcrumbList\",\"@id\":\"https:\/\/fonds-clinatec.fr\/en\/accessibility\/#breadcrumb\",\"itemListElement\":[{\"@type\":\"ListItem\",\"position\":1,\"name\":\"Accueil\",\"item\":\"https:\/\/fonds-clinatec.fr\/en\/homepage\/\"},{\"@type\":\"ListItem\",\"position\":2,\"name\":\"Accessibility\"}]},{\"@type\":\"WebSite\",\"@id\":\"https:\/\/fonds-clinatec.fr\/en\/#website\",\"url\":\"https:\/\/fonds-clinatec.fr\/en\/\",\"name\":\"Fonds Clinatec\",\"description\":\"Make the impossible possible\",\"publisher\":{\"@id\":\"https:\/\/fonds-clinatec.fr\/en\/#organization\"},\"potentialAction\":[{\"@type\":\"SearchAction\",\"target\":{\"@type\":\"EntryPoint\",\"urlTemplate\":\"https:\/\/fonds-clinatec.fr\/en\/?s={search_term_string}\"},\"query-input\":\"required name=search_term_string\"}],\"inLanguage\":\"en-US\"},{\"@type\":\"Organization\",\"@id\":\"https:\/\/fonds-clinatec.fr\/en\/#organization\",\"name\":\"Fonds Clinatec\",\"url\":\"https:\/\/fonds-clinatec.fr\/en\/\",\"logo\":{\"@type\":\"ImageObject\",\"inLanguage\":\"en-US\",\"@id\":\"https:\/\/fonds-clinatec.fr\/en\/#\/schema\/logo\/image\/\",\"url\":\"https:\/\/fonds-clinatec.fr\/wp-content\/uploads\/2023\/07\/logo-clinatec.png\",\"contentUrl\":\"https:\/\/fonds-clinatec.fr\/wp-content\/uploads\/2023\/07\/logo-clinatec.png\",\"width\":650,\"height\":219,\"caption\":\"Fonds Clinatec\"},\"image\":{\"@id\":\"https:\/\/fonds-clinatec.fr\/en\/#\/schema\/logo\/image\/\"}}]}<\/script>\n<!-- \/ Yoast SEO plugin. -->","yoast_head_json":{"title":"Accessibility - Fonds Clinatec","robots":{"index":"index","follow":"follow","max-snippet":"max-snippet:-1","max-image-preview":"max-image-preview:large","max-video-preview":"max-video-preview:-1"},"canonical":"https:\/\/fonds-clinatec.fr\/en\/accessibility\/","og_locale":"en_US","og_type":"article","og_title":"Accessibility - Fonds Clinatec","og_description":"Accessibility What is digital accessibility? An accessible website is one that enables people with disabilities to access its content and functions without difficulty. For example, an accessible website allows you to: Navigate using a voice synthesiser and\/or a Braille display (used in particular by blind and partially-sighted people). Customise the site display to suit your [&hellip;]","og_url":"https:\/\/fonds-clinatec.fr\/en\/accessibility\/","og_site_name":"Fonds Clinatec","article_modified_time":"2024-03-05T21:59:30+00:00","twitter_card":"summary_large_image","twitter_misc":{"Est. reading time":"4 minutes"},"schema":{"@context":"https:\/\/schema.org","@graph":[{"@type":"WebPage","@id":"https:\/\/fonds-clinatec.fr\/en\/accessibility\/","url":"https:\/\/fonds-clinatec.fr\/en\/accessibility\/","name":"Accessibility - Fonds Clinatec","isPartOf":{"@id":"https:\/\/fonds-clinatec.fr\/en\/#website"},"datePublished":"2023-12-21T14:01:50+00:00","dateModified":"2024-03-05T21:59:30+00:00","breadcrumb":{"@id":"https:\/\/fonds-clinatec.fr\/en\/accessibility\/#breadcrumb"},"inLanguage":"en-US","potentialAction":[{"@type":"ReadAction","target":["https:\/\/fonds-clinatec.fr\/en\/accessibility\/"]}]},{"@type":"BreadcrumbList","@id":"https:\/\/fonds-clinatec.fr\/en\/accessibility\/#breadcrumb","itemListElement":[{"@type":"ListItem","position":1,"name":"Accueil","item":"https:\/\/fonds-clinatec.fr\/en\/homepage\/"},{"@type":"ListItem","position":2,"name":"Accessibility"}]},{"@type":"WebSite","@id":"https:\/\/fonds-clinatec.fr\/en\/#website","url":"https:\/\/fonds-clinatec.fr\/en\/","name":"Fonds Clinatec","description":"Make the impossible possible","publisher":{"@id":"https:\/\/fonds-clinatec.fr\/en\/#organization"},"potentialAction":[{"@type":"SearchAction","target":{"@type":"EntryPoint","urlTemplate":"https:\/\/fonds-clinatec.fr\/en\/?s={search_term_string}"},"query-input":"required name=search_term_string"}],"inLanguage":"en-US"},{"@type":"Organization","@id":"https:\/\/fonds-clinatec.fr\/en\/#organization","name":"Fonds Clinatec","url":"https:\/\/fonds-clinatec.fr\/en\/","logo":{"@type":"ImageObject","inLanguage":"en-US","@id":"https:\/\/fonds-clinatec.fr\/en\/#\/schema\/logo\/image\/","url":"https:\/\/fonds-clinatec.fr\/wp-content\/uploads\/2023\/07\/logo-clinatec.png","contentUrl":"https:\/\/fonds-clinatec.fr\/wp-content\/uploads\/2023\/07\/logo-clinatec.png","width":650,"height":219,"caption":"Fonds Clinatec"},"image":{"@id":"https:\/\/fonds-clinatec.fr\/en\/#\/schema\/logo\/image\/"}}]}},"_links":{"self":[{"href":"https:\/\/fonds-clinatec.fr\/en\/wp-json\/wp\/v2\/pages\/6208","targetHints":{"allow":["GET"]}}],"collection":[{"href":"https:\/\/fonds-clinatec.fr\/en\/wp-json\/wp\/v2\/pages"}],"about":[{"href":"https:\/\/fonds-clinatec.fr\/en\/wp-json\/wp\/v2\/types\/page"}],"author":[{"embeddable":true,"href":"https:\/\/fonds-clinatec.fr\/en\/wp-json\/wp\/v2\/users\/1"}],"replies":[{"embeddable":true,"href":"https:\/\/fonds-clinatec.fr\/en\/wp-json\/wp\/v2\/comments?post=6208"}],"version-history":[{"count":7,"href":"https:\/\/fonds-clinatec.fr\/en\/wp-json\/wp\/v2\/pages\/6208\/revisions"}],"predecessor-version":[{"id":6370,"href":"https:\/\/fonds-clinatec.fr\/en\/wp-json\/wp\/v2\/pages\/6208\/revisions\/6370"}],"wp:attachment":[{"href":"https:\/\/fonds-clinatec.fr\/en\/wp-json\/wp\/v2\/media?parent=6208"}],"curies":[{"name":"wp","href":"https:\/\/api.w.org\/{rel}","templated":true}]}}